{"id":64,"date":"2015-10-15T11:42:01","date_gmt":"2015-10-15T11:42:01","guid":{"rendered":"http:\/\/themes.muffingroup.com\/be\/dietitian\/?page_id=26"},"modified":"2023-11-28T11:07:26","modified_gmt":"2023-11-28T11:07:26","slug":"contact","status":"publish","type":"page","link":"https:\/\/reikienergie.fr\/?page_id=64","title":{"rendered":"Contact"},"content":{"rendered":"","protected":false},"excerpt":{"rendered":"","protected":false},"author":1,"featured_media":0,"parent":0,"menu_order":0,"comment_status":"closed","ping_status":"closed","template":"","meta":{"footnotes":""},"class_list":["post-64","page","type-page","status-publish","hentry"],"yoast_head":"<!-- This site is optimized with the Yoast SEO plugin v27.5 - https:\/\/yoast.com\/product\/yoast-seo-wordpress\/ -->\n<title>Contact - Reiki Energie<\/title>\n<meta name=\"description\" content=\"Contact Reiki Energie. R\u00e9ponse sous 24h. S\u00e9ances de Reiki au cabinet ou \u00e0 domicile \u00e0 Joinville le Pont, au Lavandou et \u00e0 distance.\" \/>\n<meta name=\"robots\" content=\"index, follow, max-snippet:-1, max-image-preview:large, max-video-preview:-1\" \/>\n<link rel=\"canonical\" href=\"https:\/\/reikienergie.fr\/?page_id=64\" \/>\n<meta property=\"og:locale\" content=\"fr_FR\" \/>\n<meta property=\"og:type\" content=\"article\" \/>\n<meta property=\"og:title\" content=\"Contact - Reiki Energie\" \/>\n<meta property=\"og:description\" content=\"Contact Reiki Energie. R\u00e9ponse sous 24h. S\u00e9ances de Reiki au cabinet ou \u00e0 domicile \u00e0 Joinville le Pont, au Lavandou et \u00e0 distance.\" \/>\n<meta property=\"og:url\" content=\"https:\/\/reikienergie.fr\/?page_id=64\" \/>\n<meta property=\"og:site_name\" content=\"Reiki Energie\" \/>\n<meta property=\"article:modified_time\" content=\"2023-11-28T11:07:26+00:00\" \/>\n<meta name=\"twitter:card\" content=\"summary_large_image\" \/>\n<script type=\"application\/ld+json\" class=\"yoast-schema-graph\">{\"@context\":\"https:\\\/\\\/schema.org\",\"@graph\":[{\"@type\":[\"WebPage\",\"ContactPage\"],\"@id\":\"https:\\\/\\\/reikienergie.fr\\\/?page_id=64\",\"url\":\"https:\\\/\\\/reikienergie.fr\\\/?page_id=64\",\"name\":\"Contact - Reiki Energie\",\"isPartOf\":{\"@id\":\"https:\\\/\\\/reikienergie.fr\\\/#website\"},\"datePublished\":\"2015-10-15T11:42:01+00:00\",\"dateModified\":\"2023-11-28T11:07:26+00:00\",\"description\":\"Contact Reiki Energie. R\u00e9ponse sous 24h. S\u00e9ances de Reiki au cabinet ou \u00e0 domicile \u00e0 Joinville le Pont, au Lavandou et \u00e0 distance.\",\"breadcrumb\":{\"@id\":\"https:\\\/\\\/reikienergie.fr\\\/?page_id=64#breadcrumb\"},\"inLanguage\":\"fr-FR\",\"potentialAction\":[{\"@type\":\"ReadAction\",\"target\":[\"https:\\\/\\\/reikienergie.fr\\\/?page_id=64\"]}]},{\"@type\":\"BreadcrumbList\",\"@id\":\"https:\\\/\\\/reikienergie.fr\\\/?page_id=64#breadcrumb\",\"itemListElement\":[{\"@type\":\"ListItem\",\"position\":1,\"name\":\"Accueil\",\"item\":\"https:\\\/\\\/reikienergie.fr\\\/\"},{\"@type\":\"ListItem\",\"position\":2,\"name\":\"Contact\"}]},{\"@type\":\"WebSite\",\"@id\":\"https:\\\/\\\/reikienergie.fr\\\/#website\",\"url\":\"https:\\\/\\\/reikienergie.fr\\\/\",\"name\":\"Reiki Energie\",\"description\":\"\",\"publisher\":{\"@id\":\"https:\\\/\\\/reikienergie.fr\\\/#organization\"},\"potentialAction\":[{\"@type\":\"SearchAction\",\"target\":{\"@type\":\"EntryPoint\",\"urlTemplate\":\"https:\\\/\\\/reikienergie.fr\\\/?s={search_term_string}\"},\"query-input\":{\"@type\":\"PropertyValueSpecification\",\"valueRequired\":true,\"valueName\":\"search_term_string\"}}],\"inLanguage\":\"fr-FR\"},{\"@type\":\"Organization\",\"@id\":\"https:\\\/\\\/reikienergie.fr\\\/#organization\",\"name\":\"Reiki Energie\",\"url\":\"https:\\\/\\\/reikienergie.fr\\\/\",\"logo\":{\"@type\":\"ImageObject\",\"inLanguage\":\"fr-FR\",\"@id\":\"https:\\\/\\\/reikienergie.fr\\\/#\\\/schema\\\/logo\\\/image\\\/\",\"url\":\"https:\\\/\\\/reikienergie.fr\\\/wp-content\\\/uploads\\\/2022\\\/10\\\/logo-retina-fonce-site-web-2.png\",\"contentUrl\":\"https:\\\/\\\/reikienergie.fr\\\/wp-content\\\/uploads\\\/2022\\\/10\\\/logo-retina-fonce-site-web-2.png\",\"width\":257,\"height\":196,\"caption\":\"Reiki Energie\"},\"image\":{\"@id\":\"https:\\\/\\\/reikienergie.fr\\\/#\\\/schema\\\/logo\\\/image\\\/\"},\"sameAs\":[\"https:\\\/\\\/www.instagram.com\\\/frederique_alonso\\\/?r=nametag\"]}]}<\/script>\n<!-- \/ Yoast SEO plugin. -->","yoast_head_json":{"title":"Contact - Reiki Energie","description":"Contact Reiki Energie. R\u00e9ponse sous 24h. S\u00e9ances de Reiki au cabinet ou \u00e0 domicile \u00e0 Joinville le Pont, au Lavandou et \u00e0 distance.","robots":{"index":"index","follow":"follow","max-snippet":"max-snippet:-1","max-image-preview":"max-image-preview:large","max-video-preview":"max-video-preview:-1"},"canonical":"https:\/\/reikienergie.fr\/?page_id=64","og_locale":"fr_FR","og_type":"article","og_title":"Contact - Reiki Energie","og_description":"Contact Reiki Energie. R\u00e9ponse sous 24h. S\u00e9ances de Reiki au cabinet ou \u00e0 domicile \u00e0 Joinville le Pont, au Lavandou et \u00e0 distance.","og_url":"https:\/\/reikienergie.fr\/?page_id=64","og_site_name":"Reiki Energie","article_modified_time":"2023-11-28T11:07:26+00:00","twitter_card":"summary_large_image","schema":{"@context":"https:\/\/schema.org","@graph":[{"@type":["WebPage","ContactPage"],"@id":"https:\/\/reikienergie.fr\/?page_id=64","url":"https:\/\/reikienergie.fr\/?page_id=64","name":"Contact - Reiki Energie","isPartOf":{"@id":"https:\/\/reikienergie.fr\/#website"},"datePublished":"2015-10-15T11:42:01+00:00","dateModified":"2023-11-28T11:07:26+00:00","description":"Contact Reiki Energie. R\u00e9ponse sous 24h. S\u00e9ances de Reiki au cabinet ou \u00e0 domicile \u00e0 Joinville le Pont, au Lavandou et \u00e0 distance.","breadcrumb":{"@id":"https:\/\/reikienergie.fr\/?page_id=64#breadcrumb"},"inLanguage":"fr-FR","potentialAction":[{"@type":"ReadAction","target":["https:\/\/reikienergie.fr\/?page_id=64"]}]},{"@type":"BreadcrumbList","@id":"https:\/\/reikienergie.fr\/?page_id=64#breadcrumb","itemListElement":[{"@type":"ListItem","position":1,"name":"Accueil","item":"https:\/\/reikienergie.fr\/"},{"@type":"ListItem","position":2,"name":"Contact"}]},{"@type":"WebSite","@id":"https:\/\/reikienergie.fr\/#website","url":"https:\/\/reikienergie.fr\/","name":"Reiki Energie","description":"","publisher":{"@id":"https:\/\/reikienergie.fr\/#organization"},"potentialAction":[{"@type":"SearchAction","target":{"@type":"EntryPoint","urlTemplate":"https:\/\/reikienergie.fr\/?s={search_term_string}"},"query-input":{"@type":"PropertyValueSpecification","valueRequired":true,"valueName":"search_term_string"}}],"inLanguage":"fr-FR"},{"@type":"Organization","@id":"https:\/\/reikienergie.fr\/#organization","name":"Reiki Energie","url":"https:\/\/reikienergie.fr\/","logo":{"@type":"ImageObject","inLanguage":"fr-FR","@id":"https:\/\/reikienergie.fr\/#\/schema\/logo\/image\/","url":"https:\/\/reikienergie.fr\/wp-content\/uploads\/2022\/10\/logo-retina-fonce-site-web-2.png","contentUrl":"https:\/\/reikienergie.fr\/wp-content\/uploads\/2022\/10\/logo-retina-fonce-site-web-2.png","width":257,"height":196,"caption":"Reiki Energie"},"image":{"@id":"https:\/\/reikienergie.fr\/#\/schema\/logo\/image\/"},"sameAs":["https:\/\/www.instagram.com\/frederique_alonso\/?r=nametag"]}]}},"_links":{"self":[{"href":"https:\/\/reikienergie.fr\/index.php?rest_route=\/wp\/v2\/pages\/64","targetHints":{"allow":["GET"]}}],"collection":[{"href":"https:\/\/reikienergie.fr\/index.php?rest_route=\/wp\/v2\/pages"}],"about":[{"href":"https:\/\/reikienergie.fr\/index.php?rest_route=\/wp\/v2\/types\/page"}],"author":[{"embeddable":true,"href":"https:\/\/reikienergie.fr\/index.php?rest_route=\/wp\/v2\/users\/1"}],"replies":[{"embeddable":true,"href":"https:\/\/reikienergie.fr\/index.php?rest_route=%2Fwp%2Fv2%2Fcomments&post=64"}],"version-history":[{"count":3,"href":"https:\/\/reikienergie.fr\/index.php?rest_route=\/wp\/v2\/pages\/64\/revisions"}],"predecessor-version":[{"id":98,"href":"https:\/\/reikienergie.fr\/index.php?rest_route=\/wp\/v2\/pages\/64\/revisions\/98"}],"wp:attachment":[{"href":"https:\/\/reikienergie.fr\/index.php?rest_route=%2Fwp%2Fv2%2Fmedia&parent=64"}],"curies":[{"name":"wp","href":"https:\/\/api.w.org\/{rel}","templated":true}]}}